{"id":243316,"date":"2024-11-20T15:53:15","date_gmt":"2024-11-20T14:53:15","guid":{"rendered":"https:\/\/pronea.sk\/?page_id=243316"},"modified":"2026-04-21T08:07:51","modified_gmt":"2026-04-21T06:07:51","slug":"zasady-ochrany-osobnych-udajov","status":"publish","type":"page","link":"https:\/\/pronea.sk\/en\/zasady-ochrany-osobnych-udajov\/","title":{"rendered":"Privacy Notice"},"content":{"rendered":"<div data-elementor-type=\"wp-page\" data-elementor-id=\"243316\" class=\"elementor elementor-243316\" data-elementor-settings=\"{&quot;ha_cmc_init_switcher&quot;:&quot;no&quot;}\">\n\t\t\t\t<div class=\"elementor-element elementor-element-f2a43fa e-flex e-con-boxed e-con e-parent\" data-id=\"f2a43fa\" data-element_type=\"container\" data-e-type=\"container\" data-settings=\"{&quot;_ha_eqh_enable&quot;:false}\">\n\t\t\t\t\t<div class=\"e-con-inner\">\n\t\t\t\t<div class=\"elementor-element elementor-element-a458647 elementor-widget elementor-widget-heading\" data-id=\"a458647\" data-element_type=\"widget\" data-e-type=\"widget\" data-widget_type=\"heading.default\">\n\t\t\t\t<div class=\"elementor-widget-container\">\n\t\t\t\t\t<h1 class=\"elementor-heading-title elementor-size-default\">Privacy Notice<\/h1>\t\t\t\t<\/div>\n\t\t\t\t<\/div>\n\t\t\t\t<div class=\"elementor-element elementor-element-e7501a5 elementor-widget-divider--view-line elementor-widget elementor-widget-divider\" data-id=\"e7501a5\" data-element_type=\"widget\" data-e-type=\"widget\" data-widget_type=\"divider.default\">\n\t\t\t\t<div class=\"elementor-widget-container\">\n\t\t\t\t\t\t\t<div class=\"elementor-divider\">\n\t\t\t<span class=\"elementor-divider-separator\">\n\t\t\t\t\t\t<\/span>\n\t\t<\/div>\n\t\t\t\t\t\t<\/div>\n\t\t\t\t<\/div>\n\t\t\t\t\t<\/div>\n\t\t\t\t<\/div>\n\t\t<div class=\"elementor-element elementor-element-d457235 e-flex e-con-boxed e-con e-parent\" data-id=\"d457235\" data-element_type=\"container\" data-e-type=\"container\" data-settings=\"{&quot;_ha_eqh_enable&quot;:false}\">\n\t\t\t\t\t<div class=\"e-con-inner\">\n\t\t\t\t<div class=\"elementor-element elementor-element-a8709e8 elementor-widget elementor-widget-text-editor\" data-id=\"a8709e8\" data-element_type=\"widget\" data-e-type=\"widget\" data-widget_type=\"text-editor.default\">\n\t\t\t\t<div class=\"elementor-widget-container\">\n\t\t\t\t\t\t\t\t\t<h3><strong>01<\/strong><\/h3>\n<h3>Z\u00e1kladn\u00e9 ustanovenia<\/h3>\n<p>Toto vyhl\u00e1senie o ochrane osobn\u00fdch \u00fadajov bolo vypracovan\u00e9 na z\u00e1klade ustanoven\u00ed viacer\u00fdch pr\u00e1vnych predpisov vr\u00e1tane \u010dl. 13\/14 nariadenia (E\u00da) 2016\/679 (General Data Protection Regulation). Tieto pravidl\u00e1 ochrany osobn\u00fdch \u00fadajov sa t\u00fdkaj\u00fa iba tejto webovej str\u00e1nky, ak nie je v tomto dokumente uveden\u00e9 inak.<\/p>\n<h3><strong>02<\/strong><\/h3>\n<h3>Kto sme<\/h3>\n<p>Prev\u00e1dzkovate\u013e a spr\u00e1vca osobn\u00fdch \u00fadajov (\u010falej len \u201cSpr\u00e1vca\u201d)<br>Obchodn\u00e9 meno:&nbsp;Pronea<br>Pr\u00e1vna forma:&nbsp;a.s.<br>Adresa: \u0160imonovianska 1762\/100, 95803 Partiz\u00e1nske<br>I\u010cO:&nbsp;53468473<br>DI\u010c:&nbsp;2121434029<br>I\u010c DPH:&nbsp;SK2121434029, registr\u00e1cia od 1.6.2021<\/p>\n<h3><strong>03<\/strong><\/h3>\n<h3>Ak\u00e9 osobn\u00e9 \u00fadaje z\u00edskavame a pre\u010do ich zbierame<\/h3>\n<p><strong>\u00dadaje, ktor\u00e9 zhroma\u017e\u010fujeme na tejto webovej str\u00e1nke:<\/strong>&nbsp;meno, e-mail, IP adresa, inform\u00e1cie z cookies, inform\u00e1cie o va\u0161om po\u010d\u00edta\u010di alebo zariaden\u00ed (napr. typ zariadenia a prehliada\u010da), inform\u00e1cie o pou\u017e\u00edvan\u00ed na\u0161ich webov\u00fdch str\u00e1nok (napr. ktor\u00e9 str\u00e1nky ste nav\u0161t\u00edvili), geografick\u00fa polohu, z ktorej ste pristupovali na na\u0161e webov\u00e9 str\u00e1nky (na z\u00e1klade va\u0161ej IP adresy).<\/p>\n<p><strong>\u00dadaje, ktor\u00e9 zhroma\u017e\u010fujeme na \u00fa\u010dely faktur\u00e1cie (nezhroma\u017e\u010fovan\u00e9 na t\u00fdchto webov\u00fdch str\u00e1nkach):<\/strong>&nbsp;meno a priezvisko, obchodn\u00e9 meno, faktura\u010dn\u00e1 adresa, \u010d\u00edslo bankov\u00e9ho \u00fa\u010dtu, I\u010cO, DI\u010c, I\u010c DPH.<\/p>\n<p><strong>Va\u0161e \u00fadaje pou\u017e\u00edvame:<\/strong>&nbsp;na administrat\u00edvne a obchodn\u00e9 \u00fa\u010dely (najm\u00e4 na kontaktovanie v\u00e1s a spracovanie objedn\u00e1vok, ktor\u00e9 si objedn\u00e1te na na\u0161ich webov\u00fdch str\u00e1nkach a mimo nich), na zlep\u0161enie na\u0161ich slu\u017eieb a webov\u00fdch str\u00e1nok, na propag\u00e1ciu na\u0161ich slu\u017eieb, na anal\u00fdzu v\u00e1\u0161ho pou\u017e\u00edvania na\u0161ich webov\u00fdch str\u00e1nok a v spojen\u00ed s na\u0161imi z\u00e1konn\u00fdmi pr\u00e1vami a povinnos\u0165ami.<\/p>\n<h4><b>E-mail<\/b><\/h4>\n<p>Po odoslan\u00ed e-mailu na e-mailov\u00fa adresu zobrazen\u00fa na na\u0161ich webov\u00fdch str\u00e1nkach zhroma\u017e\u010fujeme va\u0161u e-mailov\u00fa adresu a v\u0161etky \u010fal\u0161ie inform\u00e1cie, ktor\u00e9 ste uviedli v tomto e-maile. Inform\u00e1cie, ktor\u00e9 n\u00e1m po\u0161lete e-mailom, bud\u00fa ulo\u017een\u00e9 na na\u0161ich serveroch u poskytovate\u013ea hostingu&nbsp;Websupport, s.r.o., Karad\u017ei\u010dova 12, 821 08, Bratislava.<\/p>\n<h4><strong>Telef\u00f3nny hovor<\/strong><\/h4>\n<p>Ke\u010f n\u00e1s kontaktujete telefonicky, zhroma\u017e\u010fujeme va\u0161e telef\u00f3nne \u010d\u00edslo a v\u0161etky inform\u00e1cie, ktor\u00e9 n\u00e1m poskytnete po\u010das rozhovoru. Nezaznamen\u00e1vame telefonick\u00e9 hovory. Inform\u00e1cie o va\u0161om hovore, ako je va\u0161e telef\u00f3nne \u010d\u00edslo a d\u00e1tum a \u010das v\u00e1\u0161ho hovoru, spracuje n\u00e1\u0161 poskytovate\u013e telef\u00f3nnych slu\u017eieb.<\/p>\n<h4><strong>Koment\u00e1re<\/strong><\/h4>\n<p>Na tomto webe s\u00fa koment\u00e1re zak\u00e1zan\u00e9.<\/p>\n<h4><strong>Multim\u00e9dia<\/strong><\/h4>\n<p>Na tento web nie je mo\u017en\u00e9 nahr\u00e1va\u0165 s\u00fabory m\u00e9di\u00ed.<\/p>\n<h4><strong>Kontaktn\u00fd formul\u00e1r<\/strong><\/h4>\n<p>Ke\u010f n\u00e1s kontaktujete prostredn\u00edctvom kontaktn\u00e9ho formul\u00e1ra na na\u0161ej webovej str\u00e1nke, zhroma\u017e\u010fujeme nasleduj\u00face inform\u00e1cie: va\u0161e meno, e-mailov\u00fa adresu a ak\u00e9ko\u013evek inform\u00e1cie, ktor\u00e9 prid\u00e1te do po\u013ea Spr\u00e1va. \u00dadaje odoslan\u00e9 cez kontaktn\u00fd formul\u00e1r uchov\u00e1vame pre \u00fa\u010dely slu\u017eieb z\u00e1kazn\u00edkom a nepou\u017e\u00edvame tieto inform\u00e1cie na marketingov\u00e9 \u00fa\u010dely. Inform\u00e1cie, ktor\u00e9 n\u00e1m po\u0161lete prostredn\u00edctvom n\u00e1\u0161ho kontaktn\u00e9ho formul\u00e1ra, bud\u00fa ulo\u017een\u00e9 na na\u0161ich serveroch u poskytovate\u013ea hostingu&nbsp;Websupport, s.r.o., Karad\u017ei\u010dova 12, 821 08, Bratislava.<\/p>\n<h4><strong>S\u00fabory cookies<\/strong><\/h4>\n<p>T\u00e1to webov\u00e1 lokalita pou\u017e\u00edva s\u00fabory cookies. Prehliadan\u00edm t\u00fdchto str\u00e1nok s\u00fahlas\u00edte s ich pou\u017e\u00edvan\u00edm. V\u00e4\u010d\u0161ina prehliada\u010dov v\u00e1m umo\u017e\u0148uje odmietnu\u0165 s\u00fabory cookies a odstr\u00e1ni\u0165 s\u00fabory cookies. \u010eal\u0161ie inform\u00e1cie o tom, ako pou\u017e\u00edvame cookies, n\u00e1jdete na na\u0161ej str\u00e1nke&nbsp;<a href=\"https:\/\/pronea.sk\/en\/pouzivanie-suborov-cookies\/\">pou\u017e\u00edvanie cookies<\/a>.<\/p>\n<h4><strong>Vlo\u017een\u00fd obsah z in\u00fdch webov\u00fdch str\u00e1nok<\/strong><\/h4>\n<p>Tieto slu\u017eby v\u00e1m umo\u017e\u0148uj\u00fa zobrazi\u0165 obsah hos\u0165ovan\u00fd na extern\u00fdch platform\u00e1ch priamo na tejto web str\u00e1nke a pracova\u0165 s nimi.&nbsp;Ak je t\u00e1to slu\u017eba nain\u0161talovan\u00e1, m\u00f4\u017ee zhroma\u017e\u010fova\u0165 \u00fadaje o webovej prev\u00e1dzke na pr\u00edslu\u0161n\u00fdch str\u00e1nkach, aj ke\u010f pou\u017e\u00edvate\u013e t\u00fato slu\u017ebu v\u00f4bec nevyu\u017eije.<\/p>\n<h4><strong>Google Fonts (Google Inc.)<\/strong><\/h4>\n<p>Google Fonts je slu\u017eba vizualiz\u00e1cie typu p\u00edsma poskytovan\u00e1 spolo\u010dnos\u0165ou Google Inc., ktor\u00e1 umo\u017e\u0148uje, aby t\u00e1to webov\u00e1 str\u00e1nka mala obsah tohto typu na svojich str\u00e1nkach.<br>Zbieran\u00e9 osobn\u00e9 \u00fadaje: \u00fadaje o pou\u017e\u00edvan\u00ed a r\u00f4zne typy \u00fadajov, ako je uveden\u00e9 v z\u00e1sad\u00e1ch ochrany osobn\u00fdch \u00fadajov slu\u017eby.<\/p>\n<p>Miesto spracovania: Spojen\u00e9 \u0161t\u00e1ty \u2013&nbsp;<a href=\"https:\/\/www.google.it\/intl\/policies\/privacy\/\">Privacy Notice<\/a>. \u00da\u010dastn\u00edk Privacy Shield.<\/p>\n<h4><strong>Analytika<\/strong><\/h4>\n<p>Na\u0161i poskytovatelia slu\u017eieb pou\u017e\u00edvaj\u00fa s\u00fabory cookies a tieto cookies m\u00f4\u017eu by\u0165 ulo\u017een\u00e9 vo va\u0161om po\u010d\u00edta\u010di pri n\u00e1v\u0161teve na\u0161ich webov\u00fdch str\u00e1nok. Slu\u017eby obsiahnut\u00e9 v tejto \u010dasti umo\u017e\u0148uj\u00fa Spr\u00e1vcovi sledova\u0165 a analyzova\u0165 n\u00e1v\u0161tevnos\u0165 na webe a m\u00f4\u017eu by\u0165 pou\u017eit\u00e9 na sledovanie spr\u00e1vania pou\u017e\u00edvate\u013eov.<\/p>\n<h4><strong>Google Analytics s anonymizovanou IP (Google Inc.)<\/strong><\/h4>\n<p>Google Analytics je webov\u00e1 analytick\u00e1 slu\u017eba poskytovan\u00e1 spolo\u010dnos\u0165ou Google Inc. (\u201cGoogle\u201d). Google vyu\u017e\u00edva zhroma\u017eden\u00e9 \u00fadaje ku monitorovaniu a sk\u00famaniu vyu\u017eit\u00ed tejto web str\u00e1nky, k pr\u00edprave reportov o svojej \u010dinnosti a ich zdie\u013eanie s ostatn\u00fdmi slu\u017ebami Google.&nbsp;Google m\u00f4\u017ee zhroma\u017e\u010fovan\u00e9 \u00fadaje pou\u017ei\u0165 k lep\u0161iemu prisp\u00f4sobeniu reklamy v r\u00e1mci vlastnej reklamnej siete.&nbsp;T\u00e1to integr\u00e1cia slu\u017eby Google Analytics anonymizuje va\u0161u IP adresu. Funguje tak, \u017ee skracuje adresy IP pou\u017e\u00edvate\u013eov v \u010dlensk\u00fdch \u0161t\u00e1toch Eur\u00f3pskej \u00fanie alebo v in\u00fdch zmluvn\u00fdch \u0161t\u00e1toch Dohody o Eur\u00f3pskom hospod\u00e1rskom priestore. Len vo v\u00fdnimo\u010dn\u00fdch pr\u00edpadoch sa \u00fapln\u00e1 adresa IP odo\u0161le na server Google a skr\u00e1ti sa v r\u00e1mci USA.<\/p>\n<p>Zhroma\u017e\u010fovan\u00e9 osobn\u00e9 \u00fadaje: S\u00fabory cookies a \u00fadaje o pou\u017e\u00edvan\u00ed.<br>Miesto spracovania: Spojen\u00e9 \u0161t\u00e1ty \u2013&nbsp;<a href=\"https:\/\/www.google.com\/intl\/policies\/privacy\/\">Privacy Notice<\/a>&nbsp;\u2013&nbsp;<a href=\"https:\/\/tools.google.com\/dlpage\/gaoptout?hl=en\">Odhl\u00e1si\u0165<\/a>.&nbsp;\u00da\u010dastn\u00edk Privacy Shield.<\/p>\n<h4><strong>Roz\u0161\u00edrenie zobrazovania rekl\u00e1m pre Google Analytics (Google)<\/strong><\/h4>\n<p>Google Analytics m\u00f4\u017ee na tejto web str\u00e1nke vyu\u017e\u00edva\u0165 reklamn\u00e9 z\u00e1ujmy spolo\u010dnosti Google, d\u00e1ta tret\u00edch str\u00e1n a inform\u00e1cie z DoubleClick s\u00faborov cookies s cie\u013eom roz\u0161\u00edri\u0165 analytiku o demografick\u00e9 \u00fadaje, z\u00e1ujmy a \u00fadaje z reklamn\u00fdch interakci\u00ed.<\/p>\n<p>Zhroma\u017e\u010fovan\u00e9 osobn\u00e9 \u00fadaje: S\u00fabory cookies a \u00fadaje o pou\u017e\u00edvan\u00ed.<br>Miesto spracovania: Spojen\u00e9 \u0161t\u00e1ty \u2013&nbsp;<a href=\"https:\/\/www.google.com\/intl\/policies\/privacy\/\">Privacy Notice<\/a>&nbsp;\u2013&nbsp;<a href=\"https:\/\/tools.google.com\/dlpage\/gaoptout\">Odhl\u00e1si\u0165<\/a>. \u00da\u010dastn\u00edk Privacy Shield.<\/p>\n<h3><strong>04<\/strong><\/h3>\n<h3>S k\u00fdm zdie\u013eame va\u0161e \u00fadaje<\/h3>\n<p><strong>Poskytovate\u013e hostingu<\/strong>&nbsp;\u2013&nbsp;Websupport, s.r.o., Karad\u017ei\u010dova 12, 821 08, Bratislava \u2013&nbsp;<a href=\"https:\/\/www.websupport.sk\/sukromie\/\">Privacy Notice<\/a>.<br><strong>Google analytics<\/strong>&nbsp;\u2013 Google Inc. (\u201eGoogle\u201c), 1600 Amphitheatre Parkway, Mountain View, CA 94043, USA \u2013&nbsp;<a href=\"https:\/\/www.google.com\/intl\/en\/policies\/privacy\/\">Privacy Notice<\/a>.<br><strong>Backup on Google Drive<\/strong>&nbsp;\u2013 Google Inc.&nbsp;(\u201eGoogle\u201c), 1600 Amphitheatre Parkway, Mountain View, CA 94043, USA, Trello, Inc. 55 Broadway, 25th FloorNew York, NY 10006 \u2013&nbsp;<a href=\"https:\/\/support.google.com\/drive\/answer\/2450387?hl=en\">Privacy Notice<\/a>.<br><strong>Profesion\u00e1lni poradcovia<\/strong>&nbsp;\u2013 na\u0161i pr\u00e1vnici, \u00fa\u010dtovn\u00edci, bank\u00e1ri, aud\u00edtori a pois\u0165ovatelia bud\u00fa musie\u0165 skontrolova\u0165 va\u0161e osobn\u00e9 \u00fadaje na poskytovanie poradenstva, dodr\u017eiavania predpisov, bankovn\u00edctva, pr\u00e1vnych, pois\u0165ovac\u00edch, \u00fa\u010dtovn\u00fdch a podobn\u00fdch slu\u017eieb.<br><strong>Pr\u00e1vne a da\u0148ov\u00e9 org\u00e1ny, regula\u010dn\u00e9 org\u00e1ny a \u00fa\u010dastn\u00edci s\u00fadnych konan\u00ed<\/strong>&nbsp;\u2013 m\u00f4\u017eeme zverejni\u0165 va\u0161e osobn\u00e9 \u00fadaje, ak sa domnievame, \u017ee je primeran\u00e9 dodr\u017eiava\u0165 z\u00e1kon, predpis, objedn\u00e1vku, predvolanie, pravidlo samoregula\u010dnej organiz\u00e1cie alebo auditu alebo chr\u00e1ni\u0165 bezpe\u010dnos\u0165 akejko\u013evek osoby, na rie\u0161enie podvodov, bezpe\u010dnostn\u00fdch alebo technick\u00fdch probl\u00e9mov alebo na ochranu na\u0161ich z\u00e1konn\u00fdch pr\u00e1v, z\u00e1ujmov a z\u00e1ujmov in\u00fdch, ako napr\u00edklad v s\u00favislosti s nadobudnut\u00edm, zl\u00fa\u010den\u00edm alebo predajom cenn\u00fdch papierov alebo podnikov.<\/p>\n<h3><strong>05<\/strong><\/h3>\n<h3>Ako dlho uchov\u00e1vame va\u0161e \u00fadaje<\/h3>\n<p>Osobn\u00e9 \u00fadaje sa sprac\u00favaj\u00fa a uchov\u00e1vaj\u00fa tak dlho, ako to vy\u017eaduje \u00fa\u010del, na ktor\u00fd boli zhroma\u017eden\u00e9.<\/p>\n<p>Z tohto d\u00f4vodu:<\/p>\n<ul>\n<li>Osobn\u00e9 \u00fadaje zozbieran\u00e9 na \u00fa\u010dely s\u00favisiace s plnen\u00edm zmluvy medzi Spr\u00e1vcom a u\u017e\u00edvate\u013eom sa uchovaj\u00fa a\u017e do \u00fapln\u00e9ho vykonania tejto zmluvy.<\/li>\n<li>Osobn\u00e9 \u00fadaje zozbieran\u00e9 na \u00fa\u010dely opr\u00e1vnen\u00fdch z\u00e1ujmov Spr\u00e1vcu sa uchovaj\u00fa tak dlho, ako je potrebn\u00e9 na splnenie t\u00fdchto \u00fa\u010delov. Pou\u017e\u00edvatelia m\u00f4\u017eu n\u00e1js\u0165 konkr\u00e9tne inform\u00e1cie t\u00fdkaj\u00face sa opr\u00e1vnen\u00fdch z\u00e1ujmov, ktor\u00e9 sleduje Spr\u00e1vca v r\u00e1mci pr\u00edslu\u0161n\u00fdch \u010dast\u00ed tohto dokumentu alebo kontaktovan\u00edm Spr\u00e1vcu.<\/li>\n<\/ul>\n<p>Spr\u00e1vcovi m\u00f4\u017ee by\u0165 dovolen\u00e9 uchov\u00e1va\u0165 si osobn\u00e9 \u00fadaje dlh\u0161ie, kedyko\u013evek pou\u017e\u00edvate\u013e udel\u00ed s\u00fahlas s tak\u00fdmto spracovan\u00edm, ak tak\u00fdto s\u00fahlas nie je stiahnut\u00fd. Spr\u00e1vca m\u00f4\u017ee by\u0165 okrem toho povinn\u00fd uchov\u00e1va\u0165 osobn\u00e9 \u00fadaje na dlh\u0161iu dobu, kedyko\u013evek je to potrebn\u00e9 na splnenie z\u00e1konnej povinnosti alebo na z\u00e1klade pr\u00edkazu org\u00e1nu.<\/p>\n<p>Po uplynut\u00ed doby uchov\u00e1vania sa osobn\u00e9 \u00fadaje vyma\u017e\u00fa. Preto pr\u00e1vo na pr\u00edstup, pr\u00e1vo na vymazanie, pr\u00e1vo na opravu a pr\u00e1vo na prenos \u00fadajov nemo\u017eno vym\u00f4c\u0165 po uplynut\u00ed doby uchov\u00e1vania.<\/p>\n<h3><strong>06<\/strong><\/h3>\n<h3>Ak\u00e9 pr\u00e1va m\u00e1te nad svojimi \u00fadajmi<\/h3>\n<p><strong>Pr\u00e1vo na pr\u00edstup k \u00fadajom<\/strong><br>M\u00e1te pr\u00e1vo vedie\u0165, \u010di sprac\u00favame va\u0161e osobn\u00e9 \u00fadaje. Pokia\u013e tieto sprac\u00favame, m\u00f4\u017eete n\u00e1s po\u017eiada\u0165 o pr\u00edstup k \u00fadajom. Na z\u00e1klade va\u0161ej \u017eiadosti vyd\u00e1me potvrdenie s inform\u00e1ciami o sprac\u00favan\u00ed va\u0161ich osobn\u00fdch \u00fadajov na\u0161ou spolo\u010dnos\u0165ou.<\/p>\n<p><strong>Pr\u00e1vo na opravu<\/strong><br>M\u00e1te pr\u00e1vo na to, aby va\u0161e osobn\u00e9 \u00fadaje, ktor\u00e9 sprac\u00favame, boli spr\u00e1vne, \u00fapln\u00e9 a aktu\u00e1lne. Pokia\u013e s\u00fa va\u0161e osobn\u00e9 \u00fadaje nespr\u00e1vne alebo neaktu\u00e1lne, m\u00f4\u017eete n\u00e1s po\u017eiada\u0165 o opravu alebo doplnenie.<\/p>\n<p><strong>Pr\u00e1vo na vymazanie<\/strong><br>Za ur\u010dit\u00fdch okolnost\u00ed m\u00e1te pr\u00e1vo, aby sme va\u0161e osobn\u00e9 \u00fadaje vymazali. O vymazanie va\u0161ich \u00fadajov n\u00e1s m\u00f4\u017eete po\u017eiada\u0165 kedyko\u013evek. Va\u0161e osobn\u00e9 \u00fadaje vyma\u017eeme, ak:<\/p>\n<ul>\n<li>u\u017e va\u0161e osobn\u00e9 \u00fadaje nepotrebujeme pre \u00fa\u010del, na ktor\u00fd ste n\u00e1m ich poskytli,<\/li>\n<li>odvol\u00e1te svoj s\u00fahlas,<\/li>\n<li>namietate vo\u010di sprac\u00favaniu va\u0161ich osobn\u00fdch \u00fadajov,<\/li>\n<li>usprac\u00favame va\u0161e osobn\u00e9 \u00fadaje nez\u00e1konne,<\/li>\n<li>osobn\u00e9 \u00fadaje musia by\u0165 vymazan\u00e9, aby sa t\u00fdm splnila z\u00e1konn\u00e1 povinnos\u0165,<\/li>\n<li>ak ste die\u0165a, pr\u00edp. rodi\u010d die\u0165a\u0165a, ktor\u00e9 s\u00fahlasilo so sprac\u00favan\u00edm osobn\u00fdch \u00fadajov cez internet.<\/li>\n<\/ul>\n<p><strong>Pr\u00e1vo na obmedzenie sprac\u00favania<\/strong><br>M\u00f4\u017eete n\u00e1s po\u017eiada\u0165, aby sme obmedzili sprac\u00favanie va\u0161ich osobn\u00fdch \u00fadajov. Pokia\u013e va\u0161ej \u017eiadosti vyhovieme, va\u0161e osobn\u00e9 \u00fadaje budeme iba uchov\u00e1va\u0165 a \u010falej s nimi pracova\u0165 nebudeme. K obmedzeniu sprac\u00favania va\u0161ich \u00fadajov d\u00f4jde, ak:<\/p>\n<ul>\n<li>n\u00e1m ozn\u00e1mite, \u017ee va\u0161e osobn\u00e9 \u00fadaje s\u00fa nespr\u00e1vne, a to a\u017e dok\u00fdm neover\u00edme ich spr\u00e1vnos\u0165,<\/li>\n<li>sprac\u00favame va\u0161e osobn\u00e9 \u00fadaje nez\u00e1konne, av\u0161ak vy nes\u00fahlas\u00edte s ich vymazan\u00edm a na miesto toho \u017eiadate, aby sme sprac\u00favanie va\u0161ich osobn\u00fdch \u00fadajov len obmedzili,<\/li>\n<li>va\u0161e \u00fadaje u\u017e nepotrebujeme, ale potrebujete ich vy na preuk\u00e1zanie, uplat\u0148ovanie alebo obhajovanie svojich pr\u00e1v,<\/li>\n<li>namietate vo\u010di sprac\u00favaniu va\u0161ich osobn\u00fdch \u00fadajov, a to a\u017e k\u00fdm neover\u00edme, \u010di na\u0161e opr\u00e1vnen\u00e9 z\u00e1ujmy preva\u017euj\u00fa nad va\u0161imi d\u00f4vodmi.<\/li>\n<\/ul>\n<p><strong>Pr\u00e1vo na prenosnos\u0165 \u00fadajov<\/strong><br>M\u00e1te pr\u00e1vo \u017eiada\u0165, aby sme v\u00e1m poskytli va\u0161e osobn\u00e9 \u00fadaje v elektronickej forme (napr. s\u00fabor XML alebo CSV), ktor\u00e1 v\u00e1m umo\u017en\u00ed \u013eahko si prenies\u0165 \u00fadaje do inej spolo\u010dnosti. Tie\u017e n\u00e1s m\u00f4\u017eete po\u017eiada\u0165, aby sme va\u0161e osobn\u00e9 \u00fadaje preniesli vybranej spolo\u010dnosti priamo my. Va\u0161ej \u017eiadosti vyhovieme v pr\u00edpade, \u017ee ste n\u00e1m poskytli osobn\u00e9 \u00fadaje priamo vy a dali ste n\u00e1m na ich sprac\u00favanie s\u00fahlas.<\/p>\n<p><strong>Pr\u00e1vo namieta\u0165<\/strong><br>M\u00e1te pr\u00e1vo namieta\u0165, \u017ee sprac\u00favame va\u0161e osobn\u00e9 \u00fadaje. Ak va\u0161e osobn\u00e9 \u00fadaje sprac\u00favame na \u00fa\u010dely priameho marketingu, m\u00f4\u017eete namieta\u0165 ich sprac\u00favanie kedyko\u013evek. Na z\u00e1klade n\u00e1mietky va\u0161e osobn\u00e9 \u00fadaje vyma\u017eeme. Ak va\u0161e osobn\u00e9 \u00fadaje sprac\u00favame v nasledovn\u00fdch pr\u00edpadoch:<\/p>\n<ul>\n<li>na plnenie \u00falohy vo verejnom z\u00e1ujme alebo pri v\u00fdkone verejnej moci,<\/li>\n<li>z d\u00f4vodu n\u00e1\u0161ho opr\u00e1vnen\u00e9ho z\u00e1ujmu,<\/li>\n<li>vytv\u00e1rania profilu z\u00e1kazn\u00edka,<\/li>\n<li>m\u00f4\u017eete namieta\u0165 ich sprac\u00favanie, ak m\u00e1te na to osobn\u00e9 d\u00f4vody.<\/li>\n<\/ul>\n<h3><strong>07<\/strong><\/h3>\n<h3>Kam posielame va\u0161e \u00fadaje<\/h3>\n<p>Spr\u00e1vca m\u00f4\u017ee pren\u00e1\u0161a\u0165 osobn\u00e9 \u00fadaje zozbieran\u00e9 v r\u00e1mci E\u00da do tret\u00edch kraj\u00edn (t.j. ka\u017ed\u00e1 krajina, ktor\u00e1 nie je \u010dlenom E\u00da) iba na z\u00e1klade osobitn\u00e9ho pr\u00e1vneho z\u00e1kladu. Pou\u017e\u00edvatelia sa m\u00f4\u017eu obr\u00e1ti\u0165 na Spr\u00e1vcu, aby sa dozvedeli, ak\u00fd pr\u00e1vny z\u00e1klad sa vz\u0165ahuje na konkr\u00e9tnu slu\u017ebu. Ka\u017ed\u00fd tak\u00fdto prenos \u00fadajov sa zaklad\u00e1 na jednom z nasleduj\u00facich pr\u00e1vnych z\u00e1kladov:<\/p>\n<ul>\n<li>prenos \u00fadajov do kraj\u00edn, ktor\u00e9 zaru\u010duj\u00fa eur\u00f3pske normy,<\/li>\n<li>prenos d\u00e1t do zahrani\u010dia na z\u00e1klade \u0161tandardn\u00fdch zmluvn\u00fdch dolo\u017eiek,<\/li>\n<li>prenos \u00fadajov z E\u00da a \/ alebo \u0160vaj\u010diarska do USA na z\u00e1klade \u0160t\u00edtu na ochranu osobn\u00fdch \u00fadajov medzi E\u00da a USA (\u201ePrivacy Shield\u201c).<\/li>\n<\/ul>\n<h3><strong>08<\/strong><\/h3>\n<h3>Dodato\u010dn\u00e9 inform\u00e1cie<\/h3>\n<h4><strong>Ako chr\u00e1nime va\u0161e \u00fadaje<\/strong><\/h4>\n<p>Bezpe\u010dnos\u0165 berieme v\u00e1\u017ene. S cie\u013eom ochr\u00e1ni\u0165 va\u0161e \u00fadaje pred stratou, zneu\u017eit\u00edm alebo neopr\u00e1vnen\u00fdm pr\u00edstupom alebo zverejnen\u00edm sme zaviedli vhodn\u00e9 fyzick\u00e9, elektronick\u00e9 a riadiace postupy na ochranu a zabezpe\u010denie \u00fadajov, ktor\u00e9 zhroma\u017e\u010fujeme. Medzi tieto kroky patr\u00ed: minimaliz\u00e1cia osobn\u00fdch \u00fadajov, osved\u010den\u00e9 postupy t\u00fdkaj\u00face sa hesiel, vhodn\u00e9 bezpe\u010dnostn\u00e9 postupy t\u00fdkaj\u00face sa zariaden\u00ed (po\u010d\u00edta\u010de, prenosn\u00e9 po\u010d\u00edta\u010de, mobiln\u00e9 zariadenia), online \u00fa\u010dtov a hostingu. Tento web pou\u017e\u00edva SSL certifik\u00e1t.<\/p>\n<h4><strong>Ak\u00e9 m\u00e1me procesy pri \u00faniku d\u00e1t<\/strong><\/h4>\n<p>Bezodkladne v\u00e1s budeme informova\u0165 o akomko\u013evek neopr\u00e1vnenom pr\u00edstupe k va\u0161im osobn\u00fdm inform\u00e1ci\u00e1m.<\/p>\n<p>Ak\u00e9 automatizovan\u00e9 rozhodovanie a \/ alebo profilovanie rob\u00edme s \u00fadajmi pou\u017e\u00edvate\u013ea<\/p>\n<p>Nepou\u017e\u00edvame \u017eiadne osobn\u00e9 inform\u00e1cie na automatick\u00e9 rozhodovanie alebo profilovanie, va\u0161e \u00fadaje nepodliehaj\u00fa automatizovan\u00e9mu rozhodovaniu alebo profilovaniu.<\/p>\n<h4><strong>Pr\u00e1vna oblas\u0165<\/strong><\/h4>\n<p>Osobn\u00e9 \u00fadaje u\u017e\u00edvate\u013eov m\u00f4\u017eu by\u0165 Spr\u00e1vcom \u00fadajov pou\u017eit\u00e9 pre pr\u00e1vne \u00fa\u010dely, na s\u00fade alebo v situ\u00e1ciach, ktor\u00e9 ved\u00fa k mo\u017en\u00fdm pr\u00e1vnym krokom vypl\u00fdvaj\u00facim z nespr\u00e1vneho pou\u017e\u00edvania tejto web str\u00e1nky alebo s\u00favisiacich slu\u017eieb.<br>U\u017e\u00edvate\u013e berie na vedomie, \u017ee Spr\u00e1vca \u00fadajov m\u00f4\u017ee by\u0165 po\u017eiadan\u00fd org\u00e1nom verejnej spr\u00e1vy o poskytnutie osobn\u00fdch \u00fadajov u\u017e\u00edvate\u013eov.<\/p>\n<h4><strong>\u010eal\u0161ie inform\u00e1cie o osobn\u00fdch \u00fadajoch u\u017e\u00edvate\u013eov<\/strong><\/h4>\n<p>Neprenaj\u00edmame ani nepred\u00e1vame \u00fadaje o u\u017e\u00edvate\u013eoch \u017eiadnym tret\u00edm stran\u00e1m na ak\u00fdko\u013evek \u00fa\u010del. Jedin\u00e9 pou\u017eitie \u00fadajov je uveden\u00e9 v t\u00fdchto z\u00e1sad\u00e1ch. U\u017e\u00edvatelia s\u00fa jedin\u00fdm vlastn\u00edkom ich \u00fadajov a m\u00f4\u017eu kedyko\u013evek po\u017eiada\u0165 o zmenu alebo vymazanie.<\/p>\n<h4><strong>Syst\u00e9mov\u00e9 logy a \u00fadr\u017eba<\/strong><\/h4>\n<p>Pre \u00fa\u010dely prev\u00e1dzky a \u00fadr\u017eby m\u00f4\u017ee t\u00e1to aplik\u00e1cia aj ak\u00e1ko\u013evek tretia strana vytv\u00e1ra\u0165 s\u00fabory, ktor\u00e9 zaznamen\u00e1vaj\u00fa interakciu s touto web str\u00e1nkou (syst\u00e9mov\u00e9 logy), alebo na tieto \u00fa\u010dely zhroma\u017e\u010fova\u0165 aj in\u00e9 osobn\u00e9 \u00fadaje (napr\u00edklad IP adresu).<\/p>\n<h4><strong>Inform\u00e1cie, ktor\u00e9 nie s\u00fa obsiahnut\u00e9 v t\u00fdchto Z\u00e1sad\u00e1ch<\/strong><\/h4>\n<p>Spr\u00e1vca \u00fadajov m\u00f4\u017ee by\u0165 kedyko\u013evek po\u017eiadan\u00fd o \u010fal\u0161ie podrobnosti t\u00fdkaj\u00face sa zhroma\u017e\u010fovania alebo spracovania osobn\u00fdch \u00fadajov.<\/p>\n<h3><strong>09<\/strong><\/h3>\n<h3>Z\u00e1vere\u010dn\u00e9 ustanovenia<\/h3>\n<p>Zmeny v z\u00e1sad\u00e1ch ochrany osobn\u00fdch \u00fadajov<\/p>\n<p>Spr\u00e1vca si vyhradzuje pr\u00e1vo vykona\u0165 zmeny v t\u00fdchto z\u00e1sad\u00e1ch ochrany osobn\u00fdch \u00fadajov.<\/p>\n<p>Posledn\u00e1 aktualiz\u00e1cia z\u00e1sad ochrany osobn\u00fdch \u00fadajov<\/p>\n<p>21.4.2026<\/p>\n<h3><strong>10<\/strong><\/h3>\n<h3>Va\u0161e kontaktn\u00e9 inform\u00e1cie<\/h3>\n<p>Ak m\u00e1te ak\u00e9ko\u013evek ot\u00e1zky t\u00fdkaj\u00face sa t\u00fdchto z\u00e1sad, kontaktujte n\u00e1s na&nbsp;<a href=\"mailto:pronea@pronea.sk\">pronea@pronea.sk<\/a>&nbsp;.<\/p>\t\t\t\t\t\t\t\t<\/div>\n\t\t\t\t<\/div>\n\t\t\t\t\t<\/div>\n\t\t\t\t<\/div>\n\t\t\t\t<\/div>","protected":false},"excerpt":{"rendered":"<p>Z\u00e1sady ochrany osobn\u00fdch \u00fadajov 01 Z\u00e1kladn\u00e9 ustanovenia Toto vyhl\u00e1senie o ochrane osobn\u00fdch \u00fadajov bolo vypracovan\u00e9 na z\u00e1klade ustanoven\u00ed viacer\u00fdch pr\u00e1vnych predpisov vr\u00e1tane \u010dl. 13\/14 nariadenia (E\u00da) 2016\/679 (General Data Protection Regulation). Tieto pravidl\u00e1 ochrany osobn\u00fdch \u00fadajov sa t\u00fdkaj\u00fa iba tejto webovej str\u00e1nky, ak nie je v tomto dokumente uveden\u00e9 inak. 02 Kto sme Prev\u00e1dzkovate\u013e a&#8230;<\/p>","protected":false},"author":1,"featured_media":0,"parent":0,"menu_order":0,"comment_status":"closed","ping_status":"closed","template":"elementor_canvas","meta":{"inline_featured_image":false,"_kad_post_transparent":"","_kad_post_title":"","_kad_post_layout":"","_kad_post_sidebar_id":"","_kad_post_content_style":"","_kad_post_vertical_padding":"","_kad_post_feature":"","_kad_post_feature_position":"","_kad_post_header":false,"_kad_post_footer":false,"_kad_post_classname":"","footnotes":""},"class_list":["post-243316","page","type-page","status-publish","hentry"],"_links":{"self":[{"href":"https:\/\/pronea.sk\/en\/wp-json\/wp\/v2\/pages\/243316","targetHints":{"allow":["GET"]}}],"collection":[{"href":"https:\/\/pronea.sk\/en\/wp-json\/wp\/v2\/pages"}],"about":[{"href":"https:\/\/pronea.sk\/en\/wp-json\/wp\/v2\/types\/page"}],"author":[{"embeddable":true,"href":"https:\/\/pronea.sk\/en\/wp-json\/wp\/v2\/users\/1"}],"replies":[{"embeddable":true,"href":"https:\/\/pronea.sk\/en\/wp-json\/wp\/v2\/comments?post=243316"}],"version-history":[{"count":10,"href":"https:\/\/pronea.sk\/en\/wp-json\/wp\/v2\/pages\/243316\/revisions"}],"predecessor-version":[{"id":249470,"href":"https:\/\/pronea.sk\/en\/wp-json\/wp\/v2\/pages\/243316\/revisions\/249470"}],"wp:attachment":[{"href":"https:\/\/pronea.sk\/en\/wp-json\/wp\/v2\/media?parent=243316"}],"curies":[{"name":"wp","href":"https:\/\/api.w.org\/{rel}","templated":true}]}}