{"id":242080,"date":"2024-11-13T09:31:09","date_gmt":"2024-11-13T08:31:09","guid":{"rendered":"https:\/\/pronea.sk\/?page_id=242080"},"modified":"2026-04-21T08:07:20","modified_gmt":"2026-04-21T06:07:20","slug":"pouzivanie-suborov-cookies-2","status":"publish","type":"page","link":"https:\/\/pronea.sk\/en\/pouzivanie-suborov-cookies-2\/","title":{"rendered":"Cookie Policy"},"content":{"rendered":"<div data-elementor-type=\"wp-page\" data-elementor-id=\"242080\" class=\"elementor elementor-242080\" data-elementor-settings=\"{&quot;ha_cmc_init_switcher&quot;:&quot;no&quot;}\">\n\t\t\t\t<div class=\"elementor-element elementor-element-f2a43fa e-flex e-con-boxed e-con e-parent\" data-id=\"f2a43fa\" data-element_type=\"container\" data-e-type=\"container\" data-settings=\"{&quot;_ha_eqh_enable&quot;:false}\">\n\t\t\t\t\t<div class=\"e-con-inner\">\n\t\t\t\t<div class=\"elementor-element elementor-element-a458647 elementor-widget elementor-widget-heading\" data-id=\"a458647\" data-element_type=\"widget\" data-e-type=\"widget\" data-widget_type=\"heading.default\">\n\t\t\t\t<div class=\"elementor-widget-container\">\n\t\t\t\t\t<h1 class=\"elementor-heading-title elementor-size-default\">Cookie Policy\n<\/h1>\t\t\t\t<\/div>\n\t\t\t\t<\/div>\n\t\t\t\t<div class=\"elementor-element elementor-element-e7501a5 elementor-widget-divider--view-line elementor-widget elementor-widget-divider\" data-id=\"e7501a5\" data-element_type=\"widget\" data-e-type=\"widget\" data-widget_type=\"divider.default\">\n\t\t\t\t<div class=\"elementor-widget-container\">\n\t\t\t\t\t\t\t<div class=\"elementor-divider\">\n\t\t\t<span class=\"elementor-divider-separator\">\n\t\t\t\t\t\t<\/span>\n\t\t<\/div>\n\t\t\t\t\t\t<\/div>\n\t\t\t\t<\/div>\n\t\t\t\t\t<\/div>\n\t\t\t\t<\/div>\n\t\t<div class=\"elementor-element elementor-element-d457235 e-flex e-con-boxed e-con e-parent\" data-id=\"d457235\" data-element_type=\"container\" data-e-type=\"container\" data-settings=\"{&quot;_ha_eqh_enable&quot;:false}\">\n\t\t\t\t\t<div class=\"e-con-inner\">\n\t\t\t\t<div class=\"elementor-element elementor-element-a8709e8 elementor-widget elementor-widget-text-editor\" data-id=\"a8709e8\" data-element_type=\"widget\" data-e-type=\"widget\" data-widget_type=\"text-editor.default\">\n\t\t\t\t<div class=\"elementor-widget-container\">\n\t\t\t\t\t\t\t\t\t<h3><strong>01<\/strong><\/h3>\n<h3>Cookies a ich pou\u017e\u00edvanie na hlavnej str\u00e1nke pronea.sk a str\u00e1nkach jednotliv\u00fdch pilierov<\/h3>\n<p>T\u00e1to webov\u00e1 lokalita pou\u017e\u00edva s\u00fabory cookies. Prehliadan\u00edm t\u00fdchto str\u00e1nok s\u00fahlas\u00edte s ich pou\u017e\u00edvan\u00edm. V\u00e4\u010d\u0161ina prehliada\u010dov umo\u017e\u0148uje odmietnu\u0165 s\u00fabory cookies a odstr\u00e1ni\u0165 s\u00fabory cookies.<\/p>\n<h3><strong>02<\/strong><\/h3>\n<h3>O s\u00faboroch cookies<\/h3>\n<p>Cookie je s\u00fabor obsahuj\u00faci identifik\u00e1tor (re\u0165azec p\u00edsmen a \u010d\u00edsel), ktor\u00fd posiela webov\u00fd server do webov\u00e9ho prehliada\u010da a je ulo\u017een\u00fd prehliada\u010dom. Identifik\u00e1tor sa potom po\u0161le sp\u00e4\u0165 na server v\u017edy, ke\u010f prehliada\u010d po\u017eiada o str\u00e1nku zo servera. S\u00fabory cookies zvy\u010dajne neobsahuj\u00fa \u017eiadne inform\u00e1cie, ktor\u00e9 osobne identifikuj\u00fa pou\u017e\u00edvate\u013ea, ale osobn\u00e9 inform\u00e1cie, ktor\u00e9 uklad\u00e1me o v\u00e1s, m\u00f4\u017eu by\u0165 prepojen\u00e9 s inform\u00e1ciami ulo\u017een\u00fdmi v cookies a z\u00edskan\u00fdmi z nich.<\/p>\n<h3><strong>03<\/strong><\/h3>\n<h3>Typy cookies na na\u0161ich str\u00e1nkach<\/h3>\n<p>V s\u00fa\u010dasnosti pou\u017e\u00edvame cookies nieko\u013ek\u00fdmi sp\u00f4sobmi.<br><strong>Cookies pod\u013ea ich platnosti:<\/strong><br>\u25cf Kr\u00e1tkodob\u00e9 (session): s\u00fa platn\u00e9 po\u010das trvania va\u0161ej n\u00e1v\u0161tevy a vypr\u0161ia po nieko\u013ek\u00fdch min\u00fatach po opusten\u00ed str\u00e1nky. Prispievaj\u00fa k dosiahnutiu z\u00e1kladnej funkcionality samotn\u00e9ho webu.<br>\u25cf Dlhodob\u00e9 (persistent): s\u00fa platn\u00e9 nieko\u013eko dn\u00ed alebo mesiacov. Umo\u017e\u0148uj\u00fa v\u00e1m jednoduch\u0161ie nastavi\u0165 str\u00e1nky, ke\u010f sa vr\u00e1tite, pom\u00e1haj\u00fa pri zapam\u00e4tan\u00ed si konkr\u00e9tneho procesu.<\/p>\n<p><strong>Cookies pod\u013ea ich \u00fa\u010delu:<\/strong><br>\u25cf K\u013e\u00fa\u010dov\u00e9 (funk\u010dn\u00e9) s\u00fabory cookies: bez nich web nebude spr\u00e1vne fungova\u0165. M\u00f4\u017eete sa stretn\u00fa\u0165 s probl\u00e9mami s formul\u00e1rmi alebo v\u00fdpo\u010dtami.<br>\u25cf Analytick\u00e9: umo\u017e\u0148uj\u00fa sledova\u0165 n\u00e1v\u0161tevnos\u0165 str\u00e1nok a pou\u017e\u00edva\u0165 r\u00f4zne funkcie. Pod\u013ea nich zlep\u0161ujeme \u0161trukt\u00faru, formu a obsah.<\/p>\n<h3><strong>04<\/strong><\/h3>\n<h3>Cookies pou\u017e\u00edvan\u00e9 na\u0161imi poskytovate\u013emi slu\u017eieb<\/h3>\n<p>Na\u0161i poskytovatelia slu\u017eieb pou\u017e\u00edvaj\u00fa s\u00fabory cookies a tieto cookies m\u00f4\u017eu by\u0165 ulo\u017een\u00e9 vo va\u0161om po\u010d\u00edta\u010di pri n\u00e1v\u0161teve na\u0161ich webov\u00fdch str\u00e1nok. Slu\u017eby obsiahnut\u00e9 v tejto \u010dasti umo\u017e\u0148uj\u00fa Spr\u00e1vcovi sledova\u0165 a analyzova\u0165 n\u00e1v\u0161tevnos\u0165 na webe a m\u00f4\u017eu by\u0165 pou\u017eit\u00e9 na sledovanie spr\u00e1vania pou\u017e\u00edvate\u013eov.<\/p>\n<h4>Vimeo video (Vimeo, LLC)<\/h4>\n<p>Vimeo je slu\u017eba na vizualiz\u00e1ciu videa, ktor\u00fa poskytuje spolo\u010dnos\u0165 Vimeo, LLC, ktor\u00e1 umo\u017e\u0148uje, aby t\u00e1to webstr\u00e1nka obsahovala obsah tohto typu na svojich str\u00e1nkach.<\/p>\n<p>Zhroma\u017e\u010fovan\u00e9 osobn\u00e9 \u00fadaje: S\u00fabory cookies a \u00fadaje o pou\u017e\u00edvan\u00ed.<\/p>\n<p>Miesto spracovania: Spojen\u00e9 \u0161t\u00e1ty \u2013&nbsp;<a href=\"https:\/\/vimeo.com\/privacy\">Privacy Notice<\/a>. \u00da\u010dastn\u00edk Privacy Shield.<br>Platnos\u0165: 24 mesiacov.<\/p>\n<h4><strong>Google Analytics s anonymizovanou IP (Google Inc.)<\/strong><\/h4>\n<p>Google Analytics je webov\u00e1 analytick\u00e1 slu\u017eba poskytovan\u00e1 spolo\u010dnos\u0165ou Google Inc. (\u201cGoogle\u201d). Google vyu\u017e\u00edva zhroma\u017eden\u00e9 \u00fadaje k monitorovaniu a sk\u00famaniu vyu\u017eit\u00ed tejto web str\u00e1nky, k pr\u00edprave reportov o svojej \u010dinnosti a ich zdie\u013eanie s ostatn\u00fdmi slu\u017ebami Google.&nbsp;Google m\u00f4\u017ee zhroma\u017e\u010fovan\u00e9 \u00fadaje pou\u017ei\u0165 k lep\u0161iemu prisp\u00f4sobeniu reklamy v r\u00e1mci vlastnej reklamnej siete.&nbsp;T\u00e1to integr\u00e1cia slu\u017eby Google Analytics anonymizuje va\u0161u IP adresu. Funguje tak, \u017ee skracuje adresy IP pou\u017e\u00edvate\u013eov v \u010dlensk\u00fdch \u0161t\u00e1toch Eur\u00f3pskej \u00fanie alebo v in\u00fdch zmluvn\u00fdch \u0161t\u00e1toch Dohody o Eur\u00f3pskom hospod\u00e1rskom priestore. Len vo v\u00fdnimo\u010dn\u00fdch pr\u00edpadoch sa \u00fapln\u00e1 adresa IP odo\u0161le na server Google a skr\u00e1ti sa v r\u00e1mci USA.<\/p>\n<p>Zhroma\u017e\u010fovan\u00e9 osobn\u00e9 \u00fadaje: S\u00fabory cookies a \u00fadaje o pou\u017e\u00edvan\u00ed.<br>Miesto spracovania: Spojen\u00e9 \u0161t\u00e1ty \u2013&nbsp;<a href=\"https:\/\/www.google.com\/intl\/policies\/privacy\/\">Privacy Notice<\/a>&nbsp;\u2013&nbsp;<a href=\"https:\/\/tools.google.com\/dlpage\/gaoptout?hl=en\">Odhl\u00e1si\u0165<\/a>.&nbsp;\u00da\u010dastn\u00edk Privacy Shield.<br>Platnos\u0165: 24 mesiacov.<\/p>\n<h4><strong>Roz\u0161\u00edrenie zobrazovania rekl\u00e1m pre Google Analytics (Google)<\/strong><\/h4>\n<p>Google Analytics m\u00f4\u017ee na tejto web str\u00e1nke vyu\u017e\u00edva\u0165 reklamn\u00e9 z\u00e1ujmy spolo\u010dnosti Google, d\u00e1ta tret\u00edch str\u00e1n a inform\u00e1cie z DoubleClick s\u00faborov cookies s cie\u013eom roz\u0161\u00edri\u0165 analytiku o demografick\u00e9 \u00fadaje, z\u00e1ujmy a \u00fadaje z reklamn\u00fdch interakci\u00ed.<\/p>\n<p>Zhroma\u017e\u010fovan\u00e9 osobn\u00e9 \u00fadaje: S\u00fabory cookies a \u00fadaje o pou\u017e\u00edvan\u00ed.<br>Miesto spracovania: Spojen\u00e9 \u0161t\u00e1ty \u2013&nbsp;<a href=\"https:\/\/www.google.com\/intl\/policies\/privacy\/\">Privacy Notice<\/a>&nbsp;\u2013&nbsp;<a href=\"https:\/\/tools.google.com\/dlpage\/gaoptout\">Odhl\u00e1si\u0165<\/a>. \u00da\u010dastn\u00edk Privacy Shield.<br>Platnos\u0165: 13 mesiacov.<\/p>\n<h3><strong>05<\/strong><\/h3>\n<h3>Spravovanie s\u00faborov cookies<\/h3>\n<p>V\u00e4\u010d\u0161ina prehliada\u010dov v\u00e1m umo\u017e\u0148uje odmietnu\u0165 s\u00fabory cookies a odstr\u00e1ni\u0165 s\u00fabory cookies. Met\u00f3dy na ich vykon\u00e1vanie sa l\u00ed\u0161ia v z\u00e1vislosti od prehliada\u010da a jeho verzie. Aktu\u00e1lne inform\u00e1cie o blokovan\u00ed a odstra\u0148ovan\u00ed s\u00faborov cookies m\u00f4\u017eete z\u00edska\u0165 prostredn\u00edctvom str\u00e1nky&nbsp;<a href=\"https:\/\/www.aboutcookies.org\/\">aboutcookies.org.<\/a><\/p>\n<h3><strong>06<\/strong><\/h3>\n<h3>Vlastn\u00edk a spr\u00e1vca osobn\u00fdch \u00fadajov<\/h3>\n<p>Obchodn\u00e9 meno:&nbsp;Pronea<br>Pr\u00e1vna forma:&nbsp;a.s.<br>Adresa: \u0160imonovianska 1762\/100, 95803 Partiz\u00e1nske<br>I\u010cO:&nbsp;53468473<br>DI\u010c:&nbsp;2121434029<br>I\u010c DPH:&nbsp;SK2121434029, registr\u00e1cia od 1.6.2021<br>Info o pou\u017e\u00edvan\u00ed cookies:&nbsp;<a href=\"mailto:pronea@pronea.sk\">pronea@pronea.sk<\/a>&nbsp;.<\/p>\t\t\t\t\t\t\t\t<\/div>\n\t\t\t\t<\/div>\n\t\t\t\t\t<\/div>\n\t\t\t\t<\/div>\n\t\t\t\t<\/div>","protected":false},"excerpt":{"rendered":"<p>Pou\u017e\u00edvanie s\u00faborov cookies 01 Cookies a ich pou\u017e\u00edvanie na hlavnej str\u00e1nke pronea.sk a str\u00e1nkach jednotliv\u00fdch pilierov T\u00e1to webov\u00e1 lokalita pou\u017e\u00edva s\u00fabory cookies. Prehliadan\u00edm t\u00fdchto str\u00e1nok s\u00fahlas\u00edte s ich pou\u017e\u00edvan\u00edm. V\u00e4\u010d\u0161ina prehliada\u010dov umo\u017e\u0148uje odmietnu\u0165 s\u00fabory cookies a odstr\u00e1ni\u0165 s\u00fabory cookies. 02 O s\u00faboroch cookies Cookie je s\u00fabor obsahuj\u00faci identifik\u00e1tor (re\u0165azec p\u00edsmen a \u010d\u00edsel), ktor\u00fd posiela webov\u00fd&#8230;<\/p>","protected":false},"author":1,"featured_media":0,"parent":0,"menu_order":0,"comment_status":"closed","ping_status":"closed","template":"elementor_canvas","meta":{"inline_featured_image":false,"_kad_post_transparent":"","_kad_post_title":"","_kad_post_layout":"","_kad_post_sidebar_id":"","_kad_post_content_style":"","_kad_post_vertical_padding":"","_kad_post_feature":"","_kad_post_feature_position":"","_kad_post_header":false,"_kad_post_footer":false,"_kad_post_classname":"","footnotes":""},"class_list":["post-242080","page","type-page","status-publish","hentry"],"_links":{"self":[{"href":"https:\/\/pronea.sk\/en\/wp-json\/wp\/v2\/pages\/242080","targetHints":{"allow":["GET"]}}],"collection":[{"href":"https:\/\/pronea.sk\/en\/wp-json\/wp\/v2\/pages"}],"about":[{"href":"https:\/\/pronea.sk\/en\/wp-json\/wp\/v2\/types\/page"}],"author":[{"embeddable":true,"href":"https:\/\/pronea.sk\/en\/wp-json\/wp\/v2\/users\/1"}],"replies":[{"embeddable":true,"href":"https:\/\/pronea.sk\/en\/wp-json\/wp\/v2\/comments?post=242080"}],"version-history":[{"count":20,"href":"https:\/\/pronea.sk\/en\/wp-json\/wp\/v2\/pages\/242080\/revisions"}],"predecessor-version":[{"id":249464,"href":"https:\/\/pronea.sk\/en\/wp-json\/wp\/v2\/pages\/242080\/revisions\/249464"}],"wp:attachment":[{"href":"https:\/\/pronea.sk\/en\/wp-json\/wp\/v2\/media?parent=242080"}],"curies":[{"name":"wp","href":"https:\/\/api.w.org\/{rel}","templated":true}]}}